{"id":17,"date":"2024-03-13T20:06:19","date_gmt":"2024-03-13T19:06:19","guid":{"rendered":"https:\/\/www.mattegumper.ch\/?page_id=17"},"modified":"2025-06-07T08:34:00","modified_gmt":"2025-06-07T06:34:00","slug":"homepage","status":"publish","type":"page","link":"https:\/\/www.mattegumper.ch\/","title":{"rendered":"mattegumper.ch"},"content":{"rendered":"\n<div class=\"wp-block-group\"><div class=\"wp-block-group__inner-container is-layout-constrained wp-block-group-is-layout-constrained\">\n<h2 class=\"wp-block-heading\">Banntag 29.05.2025<\/h2>\n\n\n\n<p>Gegen 400 R\u00f6schenzer und G\u00e4ste haben das wunderbare Wetter am diesj\u00e4hrigen Banntag genossen. Organisiert wurde dieses Jahr alles von den H\u00e4lmibiegern R\u00f6schenz, vielen Dank f\u00fcr die Arbeit und das Ergebnis! Durch die grosse Anzahl an Teilnehmern mussten die Sitzgarnituren laufend erweitert werden, und auch die Essensausgabe lief stundenlang am Anschlag. Am Ende hat aber alles bestens geklappt, jeder wurde versorgt.<\/p>\n\n\n\n<p>Entschuldigen m\u00f6chte sich der Gemeinderat bei unseren \u00e4lteren Einwohnern, sie sind dieses Jahr organisatorisch vernachl\u00e4ssigt worden: Die Bons wurden w\u00e4hrend der Wanderung verteilt, niemand hatte die Anweisung, denen, die aus egal welchen Gr\u00fcnden den weiten Weg nicht bew\u00e4ltigen konnten, am Festplatz auch noch einen Bon auszugeben. Der Fehler wurde schnell behoben, uns vom Gemeinderat tut es leid, dass wir den Punkt \u00fcbersehen hatten, in den kommenden Jahren soll das nicht mehr vorkommen.<\/p>\n\n\n\n<p>Daf\u00fcr gibt es nun hier die <strong>Fotos des Banntags<\/strong>! Wie immer gilt: wenn jemand sich hier nicht abgebildet wiedersehen m\u00f6chte, bitte eine kurze Nachricht an die Gemeindeverwaltung, das Bild wird dann kurzfristig entfernt. Die Fotos findet Ihr wie immer in der <strong><a href=\"https:\/\/www.mattegumper.ch\/index.php\/foto-galerie\/\" data-type=\"page\" data-id=\"71\" target=\"_blank\" rel=\"noreferrer noopener\">Galerie<\/a><\/strong>. Viel Spass beim R\u00fcckblick!<\/p>\n\n\n\n<h2 class=\"wp-block-heading\">Lebe wohl, Musikverein Brass Band R\u00f6schenz <br>(und hoffentlich bis bald!)<\/h2>\n\n\n\n<p>Am 3. Mai 2025 hat der MVBBR, der Musikverein Brass Band R\u00f6schenz, gemeinsam mit dem Musikverein Wahlen das Jahreskonzert in der Aula gegeben.<\/p>\n\n\n\n<p>Es war nicht nur ein wirklich wundersch\u00f6nes, auch technisch und musikalisch hervorragendes Konzert, dazu kam noch die Ernennung von Otto Schnell zum Eidgen\u00f6ssischen Ehrenveteran nach 70 Jahren aktiver Spielzeit. Herzlichen Gl\u00fcckwunsch dazu auch von Seiten der Einwohnergemeinde!<\/p>\n\n\n\n<p>Ein Spruch sagt: man solle aufh\u00f6ren, wenn es am sch\u00f6nsten ist. Den scheint auch unser MVBBR zu kennen: das Jahreskonzert war nicht nur eines der sch\u00f6nsten, sondern auf absehbare Zeit auch das letzte unserer Brass Band. Der (famili\u00e4r bedingte) Weggang des Dirigenten, Michael Ferner, der die Brass Band nun \u00fcber viele Jahre so gut begleitet hat, der Mitgliederschwund, die Doppelbelastung durch die Eins\u00e4tze in R\u00f6schenz und Wahlen, all das hat nun zu dem Punkt gef\u00fchrt, an dem die wenigen verbliebenen Aktiv-Mitglieder ein aktives Konzert-Leben nicht mehr aufrecht erhalten k\u00f6nnen.<\/p>\n\n\n\n<p>F\u00fcr unsere Gemeinde ist es ein herber Verlust: kaum ein Anlass, zu dem die Brass Band nicht gespielt hat, von der Bundesfeier \u00fcber die diversen Kirchenfeste bis zu den Jahres- und Adventskonzerten, die wir an der frischen Luft, in der Aula, in unserer Dorfkirche geniessen durften. Dazu hat der MVBBR auf oft auch noch die Events organisiert, egal ob Banntag oder Bundesfeier.<\/p>\n\n\n\n<p>Von Seiten der Gemeinde m\u00f6chten wir uns f\u00fcr die vielen Jahrzehnte wundersch\u00f6ner Musik, guter Zusammenarbeit und vieler Eins\u00e4tze von Seiten der Brass Band bedanken. Wir hoffen sehr, dass es nur eine Pause wird, kein Abschied, und freuen uns darauf, unsere verbliebenen Musiker bis dahin in der einen oder anderen Form wieder einmal zu h\u00f6ren.<\/p>\n\n\n\n<p>Bedanken m\u00f6chten wir uns auch beim Musikverein Wahlen: Ihr habt so viele unserer Konzerte begleitet, wie unsere Musiker auch die Doppelbelastung auf Euch genommen, f\u00fcr wundersch\u00f6ne Momente in unserem Dorf gesorgt. Vielen Dank!<\/p>\n\n\n\n<p>Zur Erinnerung findet Ihr in der <strong><a href=\"https:\/\/www.mattegumper.ch\/index.php\/foto-galerie\/\" data-type=\"page\" data-id=\"71\">Galerie neu Eindrucke vom Abschiedskonzert am 3. Mai 2025<\/a><\/strong>.<\/p>\n\n\n\n<p>Vielen Dank!<\/p>\n\n\n\n<h2 class=\"wp-block-heading\">Klassenfotos von 1896 bis 1983<\/h2>\n\n\n\n<p>Guido Rabaglio hatte die Klassenfotos (und weitere Bilder) f\u00fcr das 700 Jahre &#8211; Dorffest eingescannt, die Bilder konnten dann am Dorfplatz bewundert werden. Dieser Schatz existiert immer noch, die Bilder k\u00f6nnen nun hier angeschaut werden. Wenn Ihr noch weitere Klassenfotos in der Familie habt: wir w\u00fcrden uns freuen, wenn wir sie einscannen und hier zeigen d\u00fcrften. Die Originale bekommt Ihr nat\u00fcrlich sofort zur\u00fcck. Gebt die Fotos bitte in einem Couvert mit Name und Adresse auf der Verwaltung ab, sowie mit allen Informationen, die Ihr uns zu den Bildern geben k\u00f6nnt. Vielen Dank!<\/p>\n\n\n\n<p>Die Bilder sind in der <strong><a href=\"https:\/\/www.mattegumper.ch\/index.php\/foto-galerie\/\" data-type=\"page\" data-id=\"71\">Galerie <\/a><\/strong>zu finden.<\/p>\n\n\n\n<div class=\"wp-block-buttons is-horizontal is-content-justification-center is-layout-flex wp-container-core-buttons-is-layout-499968f5 wp-block-buttons-is-layout-flex\"><\/div>\n\n\n\n<div style=\"height:57px\" aria-hidden=\"true\" class=\"wp-block-spacer\"><\/div>\n<\/div><\/div>\n\n\n\n<div id=\"news\" class=\"wp-block-group\"><div class=\"wp-block-group__inner-container is-layout-constrained wp-block-group-is-layout-constrained\">\n<div style=\"height:108px\" aria-hidden=\"true\" class=\"wp-block-spacer\"><\/div>\n\n\n\n<div class=\"wp-block-query is-layout-flow wp-block-query-is-layout-flow\"><\/div>\n\n\n\n<div style=\"height:85px\" aria-hidden=\"true\" class=\"wp-block-spacer\"><\/div>\n<\/div><\/div>\n","protected":false},"excerpt":{"rendered":"<p>Banntag 29.05.2025 Gegen 400 R\u00f6schenzer und G\u00e4ste haben das wunderbare Wetter am diesj\u00e4hrigen Banntag genossen. Organisiert wurde dieses Jahr alles von den H\u00e4lmibiegern R\u00f6schenz, vielen Dank f\u00fcr die Arbeit und das Ergebnis! Durch die grosse Anzahl an Teilnehmern mussten die Sitzgarnituren laufend erweitert werden, und auch die Essensausgabe lief stundenlang am Anschlag. Am Ende hat &#8230; <span class=\"more\"><a class=\"more-link\" href=\"https:\/\/www.mattegumper.ch\/\">[Read more&#8230;]<\/a><\/span><\/p>\n","protected":false},"author":1,"featured_media":22,"parent":0,"menu_order":0,"comment_status":"closed","ping_status":"closed","template":"page-templates\/homepage-no-hero.php","meta":{"footnotes":""},"class_list":{"0":"entry","1":"page","2":"publish","3":"author-holger","4":"post-17","6":"has-post-thumbnail"},"_links":{"self":[{"href":"https:\/\/www.mattegumper.ch\/index.php\/wp-json\/wp\/v2\/pages\/17","targetHints":{"allow":["GET"]}}],"collection":[{"href":"https:\/\/www.mattegumper.ch\/index.php\/wp-json\/wp\/v2\/pages"}],"about":[{"href":"https:\/\/www.mattegumper.ch\/index.php\/wp-json\/wp\/v2\/types\/page"}],"author":[{"embeddable":true,"href":"https:\/\/www.mattegumper.ch\/index.php\/wp-json\/wp\/v2\/users\/1"}],"replies":[{"embeddable":true,"href":"https:\/\/www.mattegumper.ch\/index.php\/wp-json\/wp\/v2\/comments?post=17"}],"version-history":[{"count":22,"href":"https:\/\/www.mattegumper.ch\/index.php\/wp-json\/wp\/v2\/pages\/17\/revisions"}],"predecessor-version":[{"id":229,"href":"https:\/\/www.mattegumper.ch\/index.php\/wp-json\/wp\/v2\/pages\/17\/revisions\/229"}],"wp:featuredmedia":[{"embeddable":true,"href":"https:\/\/www.mattegumper.ch\/index.php\/wp-json\/wp\/v2\/media\/22"}],"wp:attachment":[{"href":"https:\/\/www.mattegumper.ch\/index.php\/wp-json\/wp\/v2\/media?parent=17"}],"curies":[{"name":"wp","href":"https:\/\/api.w.org\/{rel}","templated":true}]}}